{"id":13182,"date":"2017-07-27T07:21:42","date_gmt":"2017-07-27T06:21:42","guid":{"rendered":"http:\/\/cerdanyolach.cat\/hockey\/?page_id=13182"},"modified":"2023-10-04T11:39:22","modified_gmt":"2023-10-04T10:39:22","slug":"palmares","status":"publish","type":"page","link":"https:\/\/cerdanyolach.cat\/hockey\/palmares\/","title":{"rendered":"Palmar\u00e8s"},"content":{"rendered":"<p style=\"text-align: justify;\">El <strong><span style=\"color: #388244;\">Cerdanyola Club d\u2019Hoquei, <\/span><\/strong>a\u00a0part de ser el\u00a0<span class=\"hiddenGrammarError\">club deg\u00e0<\/span>, tamb\u00e9 \u00e9s el club m\u00e9s llorejat del Vall\u00e8s en les categories masculina i femenina, tot i ser una comarca amb una forta tradici\u00f3 per l&#8217;hoquei patins. En categoria masculina es va destacar en el fet d&#8217;aconseguir un subcampionat de la Copa\u00a0<span class=\"hiddenGrammarError\">de la CERS<\/span>, l&#8217;\u00e8xit esportiu m\u00e9s gran fins al moment i, per la seva banda, en categoria femenina es va destacar principalment al voltant dels anys 2008 i 2010, aconseguint grans \u00e8xits com el t\u00edtol d&#8217;<span class=\"hiddenSpellError\">OK Lliga o la Copa <strong>de la Reina<\/strong><\/span><strong>.<\/strong><\/p>\n<div style=\"float: left; width: 45%;\">\n<h2><span style=\"color: #008000;\">Mascul\u00ed<\/span><\/h2>\n<h4><strong>Supercopa Catalana (1)\u00a0 \u00a0 \u00a0 \u00a0 \u00a0 \u00a0 \u00a0 \u00a0 \u00a0 \u00a0 \u00a0 \u00a0 \u00a0 \u00a0 \u00a0 2022-23<\/strong><\/h4>\n<h4><b>Copa Generalitat (1)<\/b><span style=\"font-weight: 400;\"><br \/><\/span><span style=\"font-weight: 400;\">2021-22<\/span><\/h4>\n<h4><b>Lliga Primera Catalana (1)<\/b><span style=\"font-weight: 400;\"><br \/><\/span><span style=\"font-weight: 400;\">2012-13<\/span><\/h4>\n<h4><b>Copa de la Lliga Primera Catalana (1)<\/b><span style=\"font-weight: 400;\"><br \/><\/span><span style=\"font-weight: 400;\">2012-13<\/span><\/h4>\n<h4><b>Campionat de Catalunya 2a Categ. (1)<\/b><span style=\"font-weight: 400;\"><br \/><\/span><span style=\"font-weight: 400;\">1936-37<\/span><\/h4>\n<h4><b>Campionat de Catalunya (1)<\/b><span style=\"font-weight: 400;\"><br \/><\/span><span style=\"font-weight: 400;\">1944-45<\/span><\/h4>\n<h4><b>Copa de Catalunya (3)<\/b><span style=\"font-weight: 400;\"><br \/><\/span><span style=\"font-weight: 400;\">1978-79, 1979-80, 1980-81<\/span><\/h4>\n<h4><b>Copa Germans Pironti (2)<\/b><span style=\"font-weight: 400;\"><br \/><\/span><span style=\"font-weight: 400;\">1940-41, 1943-44<\/span><\/h4>\n<h4><b>Lliga Primera Nacional Espanyola (2)<\/b><b><br \/><\/b><span style=\"font-weight: 400;\">1976-77, 1995-96<\/span><\/h4>\n<h4><b>Subcampionat d&#8217;Espanya (2)<\/b><b><br \/><\/b><span style=\"font-weight: 400;\">1943-44, 1972-73<\/span><\/h4>\n<h4><b>Subcampionat Copa de la CERS (1)<\/b><b><br \/><\/b><span style=\"font-weight: 400;\">1984-85<\/span><\/h4>\n<\/div>\n<div style=\"float: right; width: 45%;\">\n<h2><span style=\"color: #008000;\">Femen\u00ed<\/span><\/h2>\n<h4><b>Lliga Nacional Catalana (2)<\/b><b><br \/><\/b><span style=\"font-weight: 400;\">2014-15, 2022-23<\/span><\/h4>\n<h4><b>Copa de la Lliga Catalana (2)<\/b><b><br \/><\/b><span style=\"font-weight: 400;\">2008-09, 2014-15<\/span><\/h4>\n<h4><b>Copa Generalitat (1)<\/b><b><br \/><\/b><span style=\"font-weight: 400;\">2014-15<\/span><\/h4>\n<h4><b>Supercopa Catalana (1)<\/b><b><br \/><\/b><span style=\"font-weight: 400;\">2009-10<\/span><\/h4>\n<h4><b>Copa de la Reina (1)<\/b><b><br \/><\/b><span style=\"font-weight: 400;\">2009-10<\/span><\/h4>\n<h4><b>OK Lliga (1)<\/b><b><br \/><\/b><span style=\"font-weight: 400;\">2009-10<\/span><\/h4>\n<\/div>\n\n\n<figure class=\"wp-block-image size-large is-resized\"><img fetchpriority=\"high\" decoding=\"async\" src=\"https:\/\/cerdanyolach.cat\/hockey\/wp-content\/uploads\/2023\/10\/307768988_579509280534676_3471941434843034755_n-800x533.jpg\" alt=\"\" class=\"wp-image-19360\" style=\"width:838px;height:532px\" width=\"838\" height=\"532\"\/><\/figure>\n\n\n\n\n","protected":false},"excerpt":{"rendered":"<p>El Cerdanyola Club d\u2019Hoquei, a\u00a0part de ser el\u00a0club deg\u00e0, tamb\u00e9 \u00e9s el club m\u00e9s llorejat del Vall\u00e8s en les categories [&hellip;]<\/p>\n","protected":false},"author":241,"featured_media":0,"parent":0,"menu_order":0,"comment_status":"closed","ping_status":"closed","template":"","meta":{"spay_email":"","footnotes":""},"class_list":["post-13182","page","type-page","status-publish","hentry"],"_links":{"self":[{"href":"https:\/\/cerdanyolach.cat\/hockey\/wp-json\/wp\/v2\/pages\/13182","targetHints":{"allow":["GET"]}}],"collection":[{"href":"https:\/\/cerdanyolach.cat\/hockey\/wp-json\/wp\/v2\/pages"}],"about":[{"href":"https:\/\/cerdanyolach.cat\/hockey\/wp-json\/wp\/v2\/types\/page"}],"author":[{"embeddable":true,"href":"https:\/\/cerdanyolach.cat\/hockey\/wp-json\/wp\/v2\/users\/241"}],"replies":[{"embeddable":true,"href":"https:\/\/cerdanyolach.cat\/hockey\/wp-json\/wp\/v2\/comments?post=13182"}],"version-history":[{"count":33,"href":"https:\/\/cerdanyolach.cat\/hockey\/wp-json\/wp\/v2\/pages\/13182\/revisions"}],"predecessor-version":[{"id":19374,"href":"https:\/\/cerdanyolach.cat\/hockey\/wp-json\/wp\/v2\/pages\/13182\/revisions\/19374"}],"wp:attachment":[{"href":"https:\/\/cerdanyolach.cat\/hockey\/wp-json\/wp\/v2\/media?parent=13182"}],"curies":[{"name":"wp","href":"https:\/\/api.w.org\/{rel}","templated":true}]}}