{"id":12191,"date":"2016-11-21T17:56:50","date_gmt":"2016-11-21T16:56:50","guid":{"rendered":"http:\/\/cerdanyolach.cat\/hockey\/?page_id=12191"},"modified":"2016-11-25T16:14:35","modified_gmt":"2016-11-25T15:14:35","slug":"himne","status":"publish","type":"page","link":"https:\/\/cerdanyolach.cat\/hockey\/himne\/","title":{"rendered":"Himne"},"content":{"rendered":"<p>L\u2019Himne del Cerdanyola Club d&#8217;Hoquei, va ser compost origin\u00e0riament per Jordi Morral i interpretada per la Coral Cerdanyola.<\/p>\n<p>Aquest himne es pot trobar al\u00a0\u201ccassette\u201d, titulat \u201cCerdanyola, Esclat Ol\u00edmpic\u201d, editat amb el suport de l\u2019Ajuntament de Cerdanyola\u00a0l&#8217;any 1992.<\/p>\n<p>Per iniciativa de la Flama Verda (grup d&#8217;animaci\u00f3 del Cerdanyola CH), s&#8217;est\u00e0 treballant en una versi\u00f3 modernitzada de l&#8217;himne.<\/p>\n<h1>Himne del Cerdanyola C.H. \u00a0(Versi\u00f3 Original de Jordi Morral)<\/h1>\n<p>&nbsp;<\/p>\n<p><em>Cerdanyola Club de Hockey,<\/em><\/p>\n<p><em>Tu ets d&#8217;Espanya el deg\u00e0.<\/em><\/p>\n<p><em>Unim ben fort les nostres veus:<\/em><\/p>\n<p><em>Companys, sempre endavant!<\/em><\/p>\n<p>&nbsp;<\/p>\n<p><em>La hist\u00f2ria ens dona coratge<\/em><\/p>\n<p><em>amb el somnriure de la Joventut.<\/em><\/p>\n<p><em>Tot un poble aclama:<\/em><\/p>\n<p><em>Mai ning\u00fa aconseguir\u00e0,<\/em><\/p>\n<p><em>l&#8217;equip deg\u00e0!<\/em><\/p>\n<p>&nbsp;<\/p>\n<p><em>Nostra escolta amb disciplina avan\u00e7a,<\/em><\/p>\n<p><em>Nostra joventut \u00e9s ferma.<\/em><\/p>\n<p><em>L&#8217;embrenzida i la seva f\u00faria,<\/em><\/p>\n<p><em>Sempre m\u00e9s ser\u00e0 triomfant!<\/em><\/p>\n<p>&nbsp;<\/p>\n<audio class=\"wp-audio-shortcode\" id=\"audio-12191-1\" preload=\"none\" style=\"width: 100%;\" controls=\"controls\"><source type=\"audio\/mpeg\" src=\"https:\/\/cerdanyolach.cat\/hockey\/wp-content\/uploads\/2016\/11\/3-Cerdanyola-Esclat-Olimpic-Himne-del-Cerdanyola-Club-Hoquei.mp3?_=1\" \/><a href=\"https:\/\/cerdanyolach.cat\/hockey\/wp-content\/uploads\/2016\/11\/3-Cerdanyola-Esclat-Olimpic-Himne-del-Cerdanyola-Club-Hoquei.mp3\">https:\/\/cerdanyolach.cat\/hockey\/wp-content\/uploads\/2016\/11\/3-Cerdanyola-Esclat-Olimpic-Himne-del-Cerdanyola-Club-Hoquei.mp3<\/a><\/audio>\n","protected":false},"excerpt":{"rendered":"<p>L\u2019Himne del Cerdanyola Club d&#8217;Hoquei, va ser compost origin\u00e0riament per Jordi Morral i interpretada per la Coral Cerdanyola. Aquest himne [&hellip;]<\/p>\n","protected":false},"author":241,"featured_media":0,"parent":0,"menu_order":0,"comment_status":"closed","ping_status":"closed","template":"","meta":{"spay_email":"","footnotes":""},"class_list":["post-12191","page","type-page","status-publish","hentry"],"_links":{"self":[{"href":"https:\/\/cerdanyolach.cat\/hockey\/wp-json\/wp\/v2\/pages\/12191","targetHints":{"allow":["GET"]}}],"collection":[{"href":"https:\/\/cerdanyolach.cat\/hockey\/wp-json\/wp\/v2\/pages"}],"about":[{"href":"https:\/\/cerdanyolach.cat\/hockey\/wp-json\/wp\/v2\/types\/page"}],"author":[{"embeddable":true,"href":"https:\/\/cerdanyolach.cat\/hockey\/wp-json\/wp\/v2\/users\/241"}],"replies":[{"embeddable":true,"href":"https:\/\/cerdanyolach.cat\/hockey\/wp-json\/wp\/v2\/comments?post=12191"}],"version-history":[{"count":5,"href":"https:\/\/cerdanyolach.cat\/hockey\/wp-json\/wp\/v2\/pages\/12191\/revisions"}],"predecessor-version":[{"id":12345,"href":"https:\/\/cerdanyolach.cat\/hockey\/wp-json\/wp\/v2\/pages\/12191\/revisions\/12345"}],"wp:attachment":[{"href":"https:\/\/cerdanyolach.cat\/hockey\/wp-json\/wp\/v2\/media?parent=12191"}],"curies":[{"name":"wp","href":"https:\/\/api.w.org\/{rel}","templated":true}]}}